{"id":1320,"date":"2026-01-23T17:10:47","date_gmt":"2026-01-23T17:10:47","guid":{"rendered":"https:\/\/propisi.net\/prodavnica\/?post_type=product&#038;p=1320"},"modified":"2026-02-05T11:50:08","modified_gmt":"2026-02-05T11:50:08","slug":"pro-ai-saradnik-novi-pretplatnici","status":"publish","type":"product","link":"https:\/\/propisi.net\/prodavnica\/proizvod\/pro-ai-saradnik-novi-pretplatnici\/","title":{"rendered":"Pro.Ai saradnik &#8211; za nove pretplatnike"},"content":{"rendered":"","protected":false},"excerpt":{"rendered":"<ul class=\"nabrajanje\">\n<li>Uz Pro.AI pravnog saradnika nudimo Vam najkra\u0107i put od dileme do re\u0161enja<\/li>\n<li>Odgovori su zasnovani na sveobuhvatnoj bazi znanja Propisi.net i formulisani uz doslednu primenu pravne terminologije. Bazu \u010dine propisi, sudska praksa, slu\u017ebena mi\u0161ljenja, stru\u010dni komentari i interni redakcijski izvori<\/li>\n<li>Korisnik usluge postavlja pitanja na prirodnom jeziku<\/li>\n<li>U okviru odgovora navedene su relevantne odredbe i konkretni \u010dlanovi propisa sa jasnim razgrani\u010denjem \u0161ta predstavlja stav sudske prakse, \u0161ta su mi\u0161ljenja i tuma\u010denja drugih dr\u017eavnih organa,kao i \u0161ta su stru\u010dni komentari<br \/>\nIzvori se daju sa linkovima ka dokumentima( \u010dlanovima propisa, sentenci, pravnih mi\u0161ljenja i stru\u010dnih komentara).<\/li>\n<li>Namenjen je svim pravosudnim profesijama, pravnicima koji rade u privatnom i javnom sektoru i ra\u010dunovo\u0111ama koji primenjuju poresko pravo i omogu\u0107uje im br\u017ee i efikasnije pretrage \u0161to predstavlja veliku u\u0161tedu vremena.<\/li>\n<li>Korisnik usluge ima pravo da postavi ukupno 90 pitanja u periodu od 30 dana. Ukupan broj pitanja se odnosi na zbir svih pitanja, bez obzira da li su postavljena u okviru iste ili kroz nove konverzacije.<\/li>\n<li>Korisnik usluge ima mogu\u0107nost da sa\u010duva svaku konverzaciju, da joj promeni naziv, samostalno izbri\u0161e u vremenskom okviru va\u017eenja pretplate od 30 dana.<\/li>\n<li>Tokom 30 dana pretplate korisnik ima pristup elektronskom pravnom izdanju Propisi.net (propisima, sentencama sudske prakse, pravnim mi\u0161ljenjima, stru\u010dnim komentarima i vebinarima, ugovorima i obrascima).<\/li>\n<li>Nakon isteka prvih 30 dana kori\u0161\u0107enja, nastavak je mogu\u0107 uz godi\u0161nju pretplatu na elektronsko pravno izdanje Propisi.net.<\/li>\n<\/ul>\n","protected":false},"featured_media":1327,"template":"","meta":[],"product_brand":[],"product_cat":[36],"product_tag":[],"class_list":{"0":"post-1320","1":"product","2":"type-product","3":"status-publish","4":"has-post-thumbnail","6":"product_cat-pro-paket","8":"first","9":"instock","10":"virtual","11":"sold-individually","12":"taxable","13":"purchasable","14":"product-type-simple"},"_links":{"self":[{"href":"https:\/\/propisi.net\/prodavnica\/wp-json\/wp\/v2\/product\/1320","targetHints":{"allow":["GET"]}}],"collection":[{"href":"https:\/\/propisi.net\/prodavnica\/wp-json\/wp\/v2\/product"}],"about":[{"href":"https:\/\/propisi.net\/prodavnica\/wp-json\/wp\/v2\/types\/product"}],"wp:featuredmedia":[{"embeddable":true,"href":"https:\/\/propisi.net\/prodavnica\/wp-json\/wp\/v2\/media\/1327"}],"wp:attachment":[{"href":"https:\/\/propisi.net\/prodavnica\/wp-json\/wp\/v2\/media?parent=1320"}],"wp:term":[{"taxonomy":"product_brand","embeddable":true,"href":"https:\/\/propisi.net\/prodavnica\/wp-json\/wp\/v2\/product_brand?post=1320"},{"taxonomy":"product_cat","embeddable":true,"href":"https:\/\/propisi.net\/prodavnica\/wp-json\/wp\/v2\/product_cat?post=1320"},{"taxonomy":"product_tag","embeddable":true,"href":"https:\/\/propisi.net\/prodavnica\/wp-json\/wp\/v2\/product_tag?post=1320"}],"curies":[{"name":"wp","href":"https:\/\/api.w.org\/{rel}","templated":true}]}}