{"id":1331,"date":"2026-01-23T17:04:09","date_gmt":"2026-01-23T17:04:09","guid":{"rendered":"https:\/\/propisi.net\/prodavnica\/?post_type=product&#038;p=1331"},"modified":"2026-01-23T17:10:36","modified_gmt":"2026-01-23T17:10:36","slug":"pro-ai-saradnik-za-postojece-pretplatnike-kopiraj","status":"publish","type":"product","link":"https:\/\/propisi.net\/prodavnica\/proizvod\/pro-ai-saradnik-za-postojece-pretplatnike-kopiraj\/","title":{"rendered":"Pro.Ai saradnik &#8211; za postoje\u0107e pretplatnike"},"content":{"rendered":"","protected":false},"excerpt":{"rendered":"<ul class=\"nabrajanje\">\n<li>Uz Pro.AI pravnog saradnika nudimo Vam najkra\u0107i put od dileme do re\u0161enja.<\/li>\n<li>Odgovori su zasnovani na sveobuhvatnoj bazi znanja Propisi.net i formulisani uz doslednu primenu pravne terminologije. Bazu \u010dine propisi, sudska praksa, slu\u017ebena mi\u0161ljenja, stru\u010dni komentari i interni redakcijski izvori.<\/li>\n<li>Korisnik usluge postavlja pitanja na prirodnom jeziku.<\/li>\n<li>U okviru odgovora navedene su relevantne odredbe i konkretni \u010dlanovi propisa sa jasnim razgrani\u010denjem \u0161ta predstavlja stav sudske prakse, \u0161ta su mi\u0161ljenja i tuma\u010denja drugih dr\u017eavnih organa, kao i \u0161ta su stru\u010dni komentari.<\/li>\n<li>Izvori se daju sa linkovima ka dokumentima (\u010dlanovima propisa, sentenci, pravnih mi\u0161ljenja i stru\u010dnih komentara).<\/li>\n<li>Namenjen je svim pravosudnim profesijama, pravnicima koji rade u privatnom i javnom sektoru i ra\u010dunovo\u0111ama koji primenjuju poresko pravo i omogu\u0107uje im br\u017ee i efikasnije pretrage \u0161to predstavlja veliku u\u0161tedu vremena.<\/li>\n<li>Korisnik usluge ima pravo da postavi ukupno 90 pitanja u periodu od 30 dana. Ukupan broj pitanja se odnosi na zbir svih pitanja, bez obzira da li su postavljena u okviru iste ili kroz nove konverzacije.<\/li>\n<li>Korisnik usluge ima mogu\u0107nost da sa\u010duva svaku konverzaciju, da joj promeni naziv, samostalno izbri\u0161e u vremenskom okviru va\u017eenja pretplate od 30 dana.<\/li>\n<\/ul>\n","protected":false},"featured_media":1327,"template":"","meta":[],"product_brand":[],"product_cat":[36],"product_tag":[],"class_list":{"0":"post-1331","1":"product","2":"type-product","3":"status-publish","4":"has-post-thumbnail","6":"product_cat-pro-paket","8":"first","9":"instock","10":"virtual","11":"sold-individually","12":"taxable","13":"purchasable","14":"product-type-simple"},"_links":{"self":[{"href":"https:\/\/propisi.net\/prodavnica\/wp-json\/wp\/v2\/product\/1331","targetHints":{"allow":["GET"]}}],"collection":[{"href":"https:\/\/propisi.net\/prodavnica\/wp-json\/wp\/v2\/product"}],"about":[{"href":"https:\/\/propisi.net\/prodavnica\/wp-json\/wp\/v2\/types\/product"}],"wp:featuredmedia":[{"embeddable":true,"href":"https:\/\/propisi.net\/prodavnica\/wp-json\/wp\/v2\/media\/1327"}],"wp:attachment":[{"href":"https:\/\/propisi.net\/prodavnica\/wp-json\/wp\/v2\/media?parent=1331"}],"wp:term":[{"taxonomy":"product_brand","embeddable":true,"href":"https:\/\/propisi.net\/prodavnica\/wp-json\/wp\/v2\/product_brand?post=1331"},{"taxonomy":"product_cat","embeddable":true,"href":"https:\/\/propisi.net\/prodavnica\/wp-json\/wp\/v2\/product_cat?post=1331"},{"taxonomy":"product_tag","embeddable":true,"href":"https:\/\/propisi.net\/prodavnica\/wp-json\/wp\/v2\/product_tag?post=1331"}],"curies":[{"name":"wp","href":"https:\/\/api.w.org\/{rel}","templated":true}]}}