{"id":14,"date":"2025-02-09T21:45:42","date_gmt":"2025-02-09T21:45:42","guid":{"rendered":"https:\/\/propisi.net\/prodavnica\/?post_type=product&#038;p=14"},"modified":"2026-03-25T08:29:17","modified_gmt":"2026-03-25T08:29:17","slug":"advokatski-rokovnik","status":"publish","type":"product","link":"https:\/\/propisi.net\/prodavnica\/proizvod\/advokatski-rokovnik\/","title":{"rendered":"Advokatski rokovnik"},"content":{"rendered":"<div id=\"pdf\"><\/div>\n\n<div\n    class='wp-block-pdfp-pdf-poster  alignnone'\n    id='block-2'\n    data-attributes='{&quot;uniqueId&quot;:&quot;pdfp1&quot;,&quot;file&quot;:&quot;https:\\\/\\\/propisi.net\\\/prodavnica\\\/wp-content\\\/uploads\\\/2025\\\/08\\\/Ponuda-iz-kataloga-za-advoaktske-rokovnike-v3.pdf&quot;,&quot;title&quot;:&quot;Advokatski rokovnik&quot;,&quot;height&quot;:&quot;1200px&quot;,&quot;width&quot;:&quot;100%&quot;,&quot;print&quot;:true,&quot;fullscreenButton&quot;:true,&quot;newWindow&quot;:false,&quot;showName&quot;:true,&quot;downloadButton&quot;:true,&quot;downloadButtonText&quot;:&quot;Download File&quot;,&quot;protect&quot;:false,&quot;onlyPDF&quot;:false,&quot;defaultBrowser&quot;:false,&quot;thumbMenu&quot;:false,&quot;sidebarOpen&quot;:false,&quot;lastVersion&quot;:false,&quot;hrScroll&quot;:false,&quot;alert&quot;:true,&quot;btnStyles&quot;:{&quot;background&quot;:&quot;#1e73be&quot;,&quot;color&quot;:&quot;#fff&quot;,&quot;fontSize&quot;:&quot;1rem&quot;,&quot;padding&quot;:{&quot;top&quot;:10,&quot;right&quot;:20,&quot;bottom&quot;:10,&quot;left&quot;:10}},&quot;popupOptions&quot;:{&quot;enabled&quot;:0,&quot;text&quot;:&quot;Open PDF&quot;,&quot;triggerType&quot;:&quot;button&quot;,&quot;image&quot;:&quot;&quot;,&quot;imageHeight&quot;:&quot;200px&quot;,&quot;imageWidth&quot;:&quot;300px&quot;,&quot;imagePdfIcon&quot;:true,&quot;triggerAlignment&quot;:&quot;center&quot;,&quot;btnStyle&quot;:{&quot;background&quot;:&quot;#1e73be&quot;,&quot;color&quot;:&quot;#fff&quot;,&quot;fontSize&quot;:&quot;1rem&quot;,&quot;padding&quot;:{&quot;top&quot;:10,&quot;right&quot;:20,&quot;bottom&quot;:10,&quot;left&quot;:10}}},&quot;actionsPosition&quot;:&quot;top&quot;,&quot;socialShare&quot;:{&quot;enabled&quot;:false,&quot;facebook&quot;:false,&quot;twitter&quot;:false,&quot;linkedin&quot;:false,&quot;pinterest&quot;:false,&quot;position&quot;:&quot;top&quot;},&quot;adobeEmbedder&quot;:false,&quot;align&quot;:&quot;none&quot;,&quot;alignment&quot;:&quot;left&quot;,&quot;titleFontSize&quot;:&quot;16px&quot;,&quot;fullscreenButtonText&quot;:&quot;View Fullscreen&quot;,&quot;initialPage&quot;:0,&quot;isHideRightToolbar&quot;:false,&quot;additional&quot;:{&quot;ID&quot;:&quot;&quot;,&quot;Class&quot;:&quot;&quot;,&quot;CSS&quot;:&quot;&quot;},&quot;adobeOptions&quot;:{&quot;showDownloadPDF&quot;:true,&quot;showPrintPDF&quot;:true,&quot;showAnnotationTools&quot;:true,&quot;showFullScreen&quot;:false,&quot;embedMode&quot;:&quot;SIZED_CONTAINER&quot;},&quot;popupBtnStyle&quot;:{&quot;background&quot;:&quot;#2271b1&quot;,&quot;color&quot;:&quot;#fff&quot;,&quot;padding&quot;:{&quot;top&quot;:10,&quot;right&quot;:20,&quot;bottom&quot;:10,&quot;left&quot;:10}},&quot;popupBtnText&quot;:&quot;Open Document&quot;,&quot;CSS&quot;:&quot;&quot;,&quot;isPremium&quot;:false}'\n    style=\"text-align: left\">\n    \n        <iframe loading=\"lazy\" title=\"Advokatski rokovnik\" style=\"border:0;\" width=\"100%\" height=\"800px\" class=\"pdfp_unsupported_frame\" src=\"\/\/docs.google.com\/gview?embedded=true&url=https:\/\/propisi.net\/prodavnica\/wp-content\/uploads\/2025\/08\/Ponuda-iz-kataloga-za-advoaktske-rokovnike-v3.pdf\"><\/iframe>\n\n    <\/div>\n\n","protected":false},"excerpt":{"rendered":"<p style=\"font-size: 0.8em\">Rokovnik je formata A5 (13,5 x 21)cm, i sadr\u017ei:<\/p>\n<ul class=\"nabrajanje\">\n<li>Mese\u010dni sistem<\/li>\n<li>Sedmi\u010dni sistem (s dr\u017eavnim praznicima)<\/li>\n<li>Evidenciju re\u0161enih predmeta po mesecima i finansije<\/li>\n<li>Sudske takse, advokatsku, javnobele\u017eni\u010dku i javnoizvr\u0161ila\u010dku tarifu<\/li>\n<li>Dodatne priloge: Va\u017eni datumi, Pravoslavni kalendar, Va\u017eni telefoni, Ambasade, Srbija i Crna Gora u kilometrima, Merne jedinice, Bele\u0161ke.<\/li>\n<\/ul>\n<div class=\"pogledajkatalog\"><a href=\"#pdf\">POGLEDAJTE DETALJE OVE PONUDE \u2193<\/a><\/div>\n<p class=\"izaberiboju\">\u2193 Pre dodavanje u korpu, kliknite na \u017eeljenu boju rokovnika:<\/p>\n","protected":false},"featured_media":423,"template":"","meta":[],"product_brand":[],"product_cat":[26],"product_tag":[],"class_list":{"0":"post-14","1":"product","2":"type-product","3":"status-publish","4":"has-post-thumbnail","6":"product_cat-rokovnici","8":"first","9":"instock","10":"taxable","11":"shipping-taxable","12":"purchasable","13":"product-type-variable"},"_links":{"self":[{"href":"https:\/\/propisi.net\/prodavnica\/wp-json\/wp\/v2\/product\/14","targetHints":{"allow":["GET"]}}],"collection":[{"href":"https:\/\/propisi.net\/prodavnica\/wp-json\/wp\/v2\/product"}],"about":[{"href":"https:\/\/propisi.net\/prodavnica\/wp-json\/wp\/v2\/types\/product"}],"wp:featuredmedia":[{"embeddable":true,"href":"https:\/\/propisi.net\/prodavnica\/wp-json\/wp\/v2\/media\/423"}],"wp:attachment":[{"href":"https:\/\/propisi.net\/prodavnica\/wp-json\/wp\/v2\/media?parent=14"}],"wp:term":[{"taxonomy":"product_brand","embeddable":true,"href":"https:\/\/propisi.net\/prodavnica\/wp-json\/wp\/v2\/product_brand?post=14"},{"taxonomy":"product_cat","embeddable":true,"href":"https:\/\/propisi.net\/prodavnica\/wp-json\/wp\/v2\/product_cat?post=14"},{"taxonomy":"product_tag","embeddable":true,"href":"https:\/\/propisi.net\/prodavnica\/wp-json\/wp\/v2\/product_tag?post=14"}],"curies":[{"name":"wp","href":"https:\/\/api.w.org\/{rel}","templated":true}]}}