{"id":277,"date":"2025-06-30T13:58:28","date_gmt":"2025-06-30T13:58:28","guid":{"rendered":"https:\/\/propisi.net\/prodavnica\/?post_type=product&#038;p=277"},"modified":"2025-09-05T10:26:37","modified_gmt":"2025-09-05T10:26:37","slug":"propisi-net-psp-propisi-net-stampani-i-elektronski-casopis-poslovni-savetnik","status":"publish","type":"product","link":"https:\/\/propisi.net\/prodavnica\/proizvod\/propisi-net-psp-propisi-net-stampani-i-elektronski-casopis-poslovni-savetnik\/","title":{"rendered":"Propisi Net PSP (Propisi.net, \u0161tampani i elektronski \u010dasopis Poslovni savetnik)"},"content":{"rendered":"<div id=\"pdf\"><\/div>\n\n<div\n    class='wp-block-pdfp-pdf-poster  alignnone'\n    id='block-2'\n    data-attributes='{&quot;uniqueId&quot;:&quot;pdfp1&quot;,&quot;file&quot;:&quot;https:\\\/\\\/propisi.net\\\/prodavnica\\\/wp-content\\\/uploads\\\/2025\\\/07\\\/Pro-paket-Propisi-Net-PSP-Propisi.net-stampani-i-elektronski-casopis-Poslovni-savetnik.pdf&quot;,&quot;title&quot;:&quot;Propisi Net PSP (Propisi.net, \\u0161tampani i elektronski \\u010dasopis Poslovni savetnik)&quot;,&quot;height&quot;:&quot;1200px&quot;,&quot;width&quot;:&quot;100%&quot;,&quot;print&quot;:false,&quot;fullscreenButton&quot;:true,&quot;newWindow&quot;:false,&quot;showName&quot;:true,&quot;downloadButton&quot;:true,&quot;downloadButtonText&quot;:&quot;Download File&quot;,&quot;protect&quot;:false,&quot;onlyPDF&quot;:false,&quot;defaultBrowser&quot;:false,&quot;thumbMenu&quot;:false,&quot;sidebarOpen&quot;:false,&quot;lastVersion&quot;:false,&quot;hrScroll&quot;:false,&quot;alert&quot;:true,&quot;btnStyles&quot;:{&quot;background&quot;:&quot;#1e73be&quot;,&quot;color&quot;:&quot;#fff&quot;,&quot;fontSize&quot;:&quot;1rem&quot;,&quot;padding&quot;:{&quot;top&quot;:10,&quot;right&quot;:20,&quot;bottom&quot;:10,&quot;left&quot;:10}},&quot;popupOptions&quot;:{&quot;enabled&quot;:0,&quot;text&quot;:&quot;Open PDF&quot;,&quot;triggerType&quot;:&quot;button&quot;,&quot;image&quot;:&quot;&quot;,&quot;imageHeight&quot;:&quot;200px&quot;,&quot;imageWidth&quot;:&quot;300px&quot;,&quot;imagePdfIcon&quot;:true,&quot;triggerAlignment&quot;:&quot;center&quot;,&quot;btnStyle&quot;:{&quot;background&quot;:&quot;#1e73be&quot;,&quot;color&quot;:&quot;#fff&quot;,&quot;fontSize&quot;:&quot;1rem&quot;,&quot;padding&quot;:{&quot;top&quot;:10,&quot;right&quot;:20,&quot;bottom&quot;:10,&quot;left&quot;:10}}},&quot;actionsPosition&quot;:&quot;top&quot;,&quot;socialShare&quot;:{&quot;enabled&quot;:false,&quot;facebook&quot;:false,&quot;twitter&quot;:false,&quot;linkedin&quot;:false,&quot;pinterest&quot;:false,&quot;position&quot;:&quot;top&quot;},&quot;adobeEmbedder&quot;:false,&quot;align&quot;:&quot;none&quot;,&quot;alignment&quot;:&quot;left&quot;,&quot;titleFontSize&quot;:&quot;16px&quot;,&quot;fullscreenButtonText&quot;:&quot;View Fullscreen&quot;,&quot;initialPage&quot;:0,&quot;isHideRightToolbar&quot;:false,&quot;additional&quot;:{&quot;ID&quot;:&quot;&quot;,&quot;Class&quot;:&quot;&quot;,&quot;CSS&quot;:&quot;&quot;},&quot;adobeOptions&quot;:{&quot;showDownloadPDF&quot;:true,&quot;showPrintPDF&quot;:true,&quot;showAnnotationTools&quot;:true,&quot;showFullScreen&quot;:false,&quot;embedMode&quot;:&quot;SIZED_CONTAINER&quot;},&quot;popupBtnStyle&quot;:{&quot;background&quot;:&quot;#2271b1&quot;,&quot;color&quot;:&quot;#fff&quot;,&quot;padding&quot;:{&quot;top&quot;:10,&quot;right&quot;:20,&quot;bottom&quot;:10,&quot;left&quot;:10}},&quot;popupBtnText&quot;:&quot;Open Document&quot;,&quot;CSS&quot;:&quot;&quot;,&quot;isPremium&quot;:false}'\n    style=\"text-align: left\">\n    \n        <iframe loading=\"lazy\" title=\"Propisi Net PSP (Propisi.net, \u0161tampani i elektronski \u010dasopis Poslovni savetnik)\" style=\"border:0;\" width=\"100%\" height=\"800px\" class=\"pdfp_unsupported_frame\" src=\"\/\/docs.google.com\/gview?embedded=true&url=https:\/\/propisi.net\/prodavnica\/wp-content\/uploads\/2025\/07\/Pro-paket-Propisi-Net-PSP-Propisi.net-stampani-i-elektronski-casopis-Poslovni-savetnik.pdf\"><\/iframe>\n\n    <\/div>\n\n","protected":false},"excerpt":{"rendered":"<ul class=\"nabrajanje\">\n<li>Pristup bazi propisa (propisi, modeli ugovora i obrazaca, mi\u0161ljenja ministarstava, odgovori redakcije na specifi\u010dna i u\u010destala pitanja pretplatnika, stru\u010dni komentari)<\/li>\n<li>\u0160tampana izdanja \u010dasopisa Poslovni savetnik<\/li>\n<li>Elektronski \u010dasopis Poslovni savetnik i pristup kompletnoj arhivi \u010dasopisa<\/li>\n<li>Kalkulator kamata i sudskih taksi<\/li>\n<li>Mejl servis \u2013 obave\u0161tenja na mail o novinama iz oblasti Va\u0161eg poslovanja<\/li>\n<li>Gratis vebinari<\/li>\n<li>Povla\u0161\u0107ene cene za seminare<\/li>\n<li>Pravo na stru\u010dna pitanja elektronskim putem, 60 pitanja godi\u0161nje \u2013 maksimalno 5 pitanja mese\u010dno<\/li>\n<\/ul>\n<div class=\"pogledajkatalog\"><a href=\"#pdf\">POGLEDAJTE DETALJE OVE PONUDE \u2193<\/a><\/div>\n","protected":false},"featured_media":289,"template":"","meta":[],"product_brand":[],"product_cat":[36],"product_tag":[],"class_list":{"0":"post-277","1":"product","2":"type-product","3":"status-publish","4":"has-post-thumbnail","6":"product_cat-pro-paket","7":"product_shipping_class-besplatno","9":"first","10":"instock","11":"sold-individually","12":"taxable","13":"shipping-taxable","14":"purchasable","15":"product-type-simple"},"_links":{"self":[{"href":"https:\/\/propisi.net\/prodavnica\/wp-json\/wp\/v2\/product\/277","targetHints":{"allow":["GET"]}}],"collection":[{"href":"https:\/\/propisi.net\/prodavnica\/wp-json\/wp\/v2\/product"}],"about":[{"href":"https:\/\/propisi.net\/prodavnica\/wp-json\/wp\/v2\/types\/product"}],"wp:featuredmedia":[{"embeddable":true,"href":"https:\/\/propisi.net\/prodavnica\/wp-json\/wp\/v2\/media\/289"}],"wp:attachment":[{"href":"https:\/\/propisi.net\/prodavnica\/wp-json\/wp\/v2\/media?parent=277"}],"wp:term":[{"taxonomy":"product_brand","embeddable":true,"href":"https:\/\/propisi.net\/prodavnica\/wp-json\/wp\/v2\/product_brand?post=277"},{"taxonomy":"product_cat","embeddable":true,"href":"https:\/\/propisi.net\/prodavnica\/wp-json\/wp\/v2\/product_cat?post=277"},{"taxonomy":"product_tag","embeddable":true,"href":"https:\/\/propisi.net\/prodavnica\/wp-json\/wp\/v2\/product_tag?post=277"}],"curies":[{"name":"wp","href":"https:\/\/api.w.org\/{rel}","templated":true}]}}